{"id":3604,"date":"2021-02-02T11:28:34","date_gmt":"2021-02-02T10:28:34","guid":{"rendered":"https:\/\/xn--margamuizaguilar-dub.es\/web\/?page_id=3604"},"modified":"2026-01-13T12:07:32","modified_gmt":"2026-01-13T11:07:32","slug":"acerca-de-mi","status":"publish","type":"page","link":"https:\/\/xn--margamuizaguilar-dub.es\/web\/acerca-de-mi\/","title":{"rendered":"ACERCA DE M\u00cd"},"content":{"rendered":"<div class=\"wp-block-image is-resized is-style-default\">\n<figure class=\"alignleft size-full\"><img loading=\"lazy\" decoding=\"async\" width=\"488\" height=\"466\" src=\"https:\/\/xn--margamuizaguilar-dub.es\/web\/wp-content\/uploads\/2026\/01\/Foto-Marga-gf.jpg\" alt=\"\" class=\"wp-image-3763\" srcset=\"https:\/\/xn--margamuizaguilar-dub.es\/web\/wp-content\/uploads\/2026\/01\/Foto-Marga-gf.jpg 488w, https:\/\/xn--margamuizaguilar-dub.es\/web\/wp-content\/uploads\/2026\/01\/Foto-Marga-gf-300x286.jpg 300w, https:\/\/xn--margamuizaguilar-dub.es\/web\/wp-content\/uploads\/2026\/01\/Foto-Marga-gf-121x116.jpg 121w\" sizes=\"auto, (max-width: 488px) 100vw, 488px\" \/><\/figure>\n<\/div>\n\n\n<p><br><\/p>\n\n\n\n<p><\/p>\n\n\n\n<p>Terapeuta y Logopeda con amplios conocimientos y dilatada experiencia en el tratamiento de trastornos del aprendizaje. Escritora y Conferenciante especialista en temas educativos, adopci\u00f3n internacional y crecimiento personal.<\/p>\n\n\n\n<p><a href=\"http:\/\/xn--margamuizaguilar-dub.es\/web\/curriculum-completo\/\" target=\"_blank\" rel=\"noreferrer noopener\"><strong>Curriculum acad\u00e9mico y profesional<\/strong><\/a><\/p>\n\n\n<div class=\"wp-block-image\">\n<figure class=\"aligncenter\"><a href=\"http:\/\/xn--margamuizaguilar-dub.es\/web\/wp-content\/uploads\/2015\/01\/Captura-de-pantalla-2015-01-25-a-las-16.05.30.png\"><img loading=\"lazy\" decoding=\"async\" width=\"502\" height=\"4\" src=\"http:\/\/xn--margamuizaguilar-dub.es\/web\/wp-content\/uploads\/2015\/01\/Captura-de-pantalla-2015-01-25-a-las-16.05.30.png\" alt=\"Captura de pantalla 2015-01-25 a la(s) 16.05.30\" class=\"wp-image-412\" srcset=\"https:\/\/xn--margamuizaguilar-dub.es\/web\/wp-content\/uploads\/2015\/01\/Captura-de-pantalla-2015-01-25-a-las-16.05.30.png 502w, https:\/\/xn--margamuizaguilar-dub.es\/web\/wp-content\/uploads\/2015\/01\/Captura-de-pantalla-2015-01-25-a-las-16.05.30-300x2.png 300w, https:\/\/xn--margamuizaguilar-dub.es\/web\/wp-content\/uploads\/2015\/01\/Captura-de-pantalla-2015-01-25-a-las-16.05.30-320x4.png 320w, https:\/\/xn--margamuizaguilar-dub.es\/web\/wp-content\/uploads\/2015\/01\/Captura-de-pantalla-2015-01-25-a-las-16.05.30-380x4.png 380w\" sizes=\"auto, (max-width: 502px) 100vw, 502px\" \/><\/a><\/figure>\n<\/div>\n\n\n<p><strong>Curriculum desde dentro<\/strong><\/p>\n\n\n\n<p>Licenciada&nbsp;en Geograf\u00eda por la Universidad de Sevilla, &nbsp;mi principal inter\u00e9s cuando termin\u00e9 mis estudios era dedicarme a algo que fuera \u00fatil, as\u00ed que cuando sal\u00ed de la universidad no ten\u00eda claro lo de dedicarme a la ense\u00f1anza de una materia que no gustaba a la mayor\u00eda de los alumnos y que yo hab\u00eda estudiado simplemente porque s\u00ed, porque me gustaba la naturaleza, porque quer\u00eda saber el por qu\u00e9 de un mar por aqu\u00ed y una monta\u00f1a por all\u00e1.<\/p>\n\n\n\n<p>Buscando el norte llegu\u00e9 a Inglaterra. Trabaj\u00e9 como voluntaria en una organizaci\u00f3n donde a los pocos meses me convert\u00ed en jefa de cocina, sin haber frito ni siquiera un huevo en toda mi vida. Adem\u00e1s de aprender algo de ingl\u00e9s y echar mucho de menos el sol, conoc\u00ed a personas de todo el mundo y ampli\u00e9 horizontes.<\/p>\n\n\n\n<p>A la vuelta, me involucr\u00e9 en un proyecto educativo en un barrio marginal, descubr\u00ed que hab\u00eda ni\u00f1os a los que les costaba aprender sin que se hiciera mucho por ayudarles y adultos que perd\u00edan el habla despu\u00e9s de un accidente vascular, sin que tampoco encontraran muchos recursos para recuperarlo, as\u00ed que me pas\u00e9 varios veranos en la otra punta de Espa\u00f1a aprendiendo sobre dislexia, dislalias, disfemias, afasias, etc. Finalmente realic\u00e9 estudios formales en Sevilla y decid\u00ed dedicarme profesionalmente a la Logopedia.<\/p>\n\n\n\n<p>Entre tanto, en la iglesia a la que asist\u00eda por aquel entonces, descubr\u00ed que las mujeres pod\u00edamos hablar una hora antes y un metro m\u00e1s abajo que los hombres, pero no una hora despu\u00e9s y un metro m\u00e1s arriba. Ante la incoherencia del asunto estuve cinco a\u00f1os estudiando teolog\u00eda por mi cuenta para tratar de descifrar las razones de tales inconsistencias. Fruto de todo esto es mi primer libro,<strong>&nbsp;<a href=\"http:\/\/www.amazon.es\/Femenino-Plural-Mujeres-Exegesis-Biblica\/dp\/8492726725\/ref=sr_1_7?ie=UTF8&amp;qid=1399632019&amp;sr=8-7&amp;keywords=Femenino+plural\">Femenino Plural<\/a>.<\/strong><\/p>\n\n\n\n<p>Nada m\u00e1s aclararme con este asunto, dos criaturas maravillosas al otro lado de un hilo rojo me llevaron a investigar sobre un tema del que necesitaba saberlo todo y del que casi nadie sab\u00eda nada en nuestro pa\u00eds. As\u00ed fue como escrib\u00ed mi segundo libro,&nbsp;<strong><a href=\"http:\/\/www.amazon.es\/Cuando-los-ni%C3%B1os-vienen-Par%C3%ADs\/dp\/1602555540\/ref=sr_1_1?ie=UTF8&amp;qid=1399632082&amp;sr=8-1&amp;keywords=cuando+los+ni%C3%B1os+no+vienen+de+paris\">Cuando l@s ni\u00f1@s no vienen de Par\u00eds<\/a>.<\/strong><\/p>\n\n\n\n<p>En el camino descubr\u00ed lo apasionante del mundo emocional y el gran potencial que hay dentro de nosotros, as\u00ed que estuve un tiempo recorriendo mi propia geograf\u00eda interior, adem\u00e1s del mapa de nuestro pa\u00eds, aprendiendo sobre los vericuetos del alma y me form\u00e9 en Constelaciones Familiares, T\u00e9cnicas de Liberaci\u00f3n Emocional, Flores de Bach y otras t\u00e9cnicas de crecimiento personal.<\/p>\n\n\n\n<p>Creo que por ese motivo mi tercer libro no est\u00e1 escrito desde la mente sino desde el coraz\u00f3n; y no es fruto de la investigaci\u00f3n sino de la intuici\u00f3n. Con<a href=\"www.detrasdetumirada.com\">&nbsp;<em><strong>Detr\u00e1s de tu mirada<\/strong><\/em><\/a>&nbsp;descubr\u00ed la pasi\u00f3n y la magia de escribir sin rumbo y sin destino, s\u00f3lo siguiendo la deriva que el alma y los personajes quisieran seguir. Fue una navegaci\u00f3n a veces dif\u00edcil y dura y otras &nbsp;incluso divertida, pero en todos los &nbsp;casos apasionante y, al mismo tiempo, terap\u00e9utica.<\/p>\n\n\n\n<p>Mientras terminaba de escribirla me embarqu\u00e9 con otros compa\u00f1eros de viaje en la fundaci\u00f3n de dos proyectos apasionantes, que ocuparon muchas horas de mis noches y &nbsp;mis d\u00edas, el&nbsp;<a href=\"http:\/\/www.familiayadopcion.com\/\">Instituto Familia y Adopci\u00f3n<\/a>&nbsp;y la editorial&nbsp;<a href=\"http:\/\/www.hilorojoediciones.com\/\">Hilo Rojo<\/a>, en la que publiqu\u00e9 como autora dos libros:&nbsp;<strong><a href=\"https:\/\/byeink.com\/b\/CR\">Otra forma de aprender es posible<\/a><\/strong>&nbsp;y&nbsp;<strong><a href=\"https:\/\/byeink.com\/b\/WO\">101 Ejercicios para ense\u00f1ar a aprender<\/a><\/strong>. Tambi\u00e9n&nbsp;particip\u00e9 como co-autora en la obra&nbsp;<strong><a href=\"https:\/\/byeink.com\/b\/WE\">Neuropsicolog\u00eda del abandono y maltrato infantil.<\/a><\/strong><\/p>\n\n\n\n<p>Despu\u00e9s de haber estado involucrada en mil historias, lo que ve\u00eda en mi horizonte &nbsp;era solamente la pasi\u00f3n por escribir, pero despu\u00e9s de la publicaci\u00f3n de Detr\u00e1s de tu mirada, cuando yo cre\u00eda que iba a dedicar todas mis energ\u00edas a escribir, la Vida me ha llevado a dedicar esas energ\u00edas m\u00e1s bien a mi faceta de terapeuta, haciendo que Teodora Mun, saliera de las p\u00e1ginas de la novela para pasar consulta no s\u00f3lo en aquella estancia tan especial, sino tambi\u00e9n en el ciberespacio, de forma que ahora mis pacientes no est\u00e1n s\u00f3lo f\u00edsicamente en el mismo lugar, sino que, a veces, est\u00e1n a cientos o incluso miles de kil\u00f3metros de distancia, aunque la cercan\u00eda del alma sea la misma.<\/p>\n\n\n\n<p>Tambi\u00e9n me ha tra\u00eddo m\u00e1s trabajo relacionado con los problemas de aprendizaje, ya que las ventajas que nos ofrecen hoy d\u00eda las nuevas tecnolog\u00edas, &nbsp;permiten la posibilidad de ofrecer programas on line para diagnosticar y mejorar las competencias escolares en lengua y matem\u00e1ticas, dos materias b\u00e1sicas en los aprendizajes escolares. As\u00ed, el trabajo presencial que llevo realizando desde hace m\u00e1s de 25 a\u00f1os, se enriequece ahora con el trabajo a trav\u00e9s de internet.<\/p>\n\n\n\n<p>En fin, lo importante es fluir con la Vida&#8230; as\u00ed que tambi\u00e9n &nbsp;sigo escribiendo. Espero que dentro de poco nuevas historias y nuevos personajes nos sigan ense\u00f1ando a so\u00f1ar, a descubrir todo lo bueno que hay en nosotros, a dar la bienvenida a personas y situaciones inesperadas que nos llevan a crecer\u2026En suma, a descubrir todo aquello que nos ayuda a ser m\u00e1s felices&#8230; o, sencillamente, definitivamente felices.<\/p>\n","protected":false},"excerpt":{"rendered":"<p>Terapeuta y Logopeda con amplios conocimientos y dilatada experiencia en el tratamiento de trastornos del aprendizaje. Escritora y Conferenciante especialista en temas educativos, adopci\u00f3n internacional y crecimiento personal. Curriculum acad\u00e9mico y profesional Curriculum desde dentro Licenciada&nbsp;en Geograf\u00eda por la Universidad de Sevilla, &nbsp;mi principal inter\u00e9s cuando termin\u00e9 mis estudios era dedicarme a algo que fuera \u00fatil, as\u00ed que cuando sal\u00ed de la universidad no ten\u00eda claro lo de dedicarme a la ense\u00f1anza de una materia que no gustaba a la&hellip;<\/p>\n","protected":false},"author":1,"featured_media":0,"parent":0,"menu_order":0,"comment_status":"closed","ping_status":"closed","template":"","meta":{"footnotes":""},"class_list":["post-3604","page","type-page","status-publish","hentry"],"_links":{"self":[{"href":"https:\/\/xn--margamuizaguilar-dub.es\/web\/wp-json\/wp\/v2\/pages\/3604","targetHints":{"allow":["GET"]}}],"collection":[{"href":"https:\/\/xn--margamuizaguilar-dub.es\/web\/wp-json\/wp\/v2\/pages"}],"about":[{"href":"https:\/\/xn--margamuizaguilar-dub.es\/web\/wp-json\/wp\/v2\/types\/page"}],"author":[{"embeddable":true,"href":"https:\/\/xn--margamuizaguilar-dub.es\/web\/wp-json\/wp\/v2\/users\/1"}],"replies":[{"embeddable":true,"href":"https:\/\/xn--margamuizaguilar-dub.es\/web\/wp-json\/wp\/v2\/comments?post=3604"}],"version-history":[{"count":6,"href":"https:\/\/xn--margamuizaguilar-dub.es\/web\/wp-json\/wp\/v2\/pages\/3604\/revisions"}],"predecessor-version":[{"id":3781,"href":"https:\/\/xn--margamuizaguilar-dub.es\/web\/wp-json\/wp\/v2\/pages\/3604\/revisions\/3781"}],"wp:attachment":[{"href":"https:\/\/xn--margamuizaguilar-dub.es\/web\/wp-json\/wp\/v2\/media?parent=3604"}],"curies":[{"name":"wp","href":"https:\/\/api.w.org\/{rel}","templated":true}]}}