{"id":53,"date":"2014-12-15T13:24:29","date_gmt":"2014-12-15T12:24:29","guid":{"rendered":"https:\/\/xn--margamuizaguilar-dub.es\/web\/?page_id=53"},"modified":"2026-02-09T20:05:45","modified_gmt":"2026-02-09T19:05:45","slug":"contacto","status":"publish","type":"page","link":"https:\/\/xn--margamuizaguilar-dub.es\/web\/contacto\/","title":{"rendered":"CONTACTO"},"content":{"rendered":"\n<h2 class=\"wp-block-heading\">MIS DATOS DE CONTACTO<\/h2>\n\n\n\n<p class=\"has-medium-font-size\">Cualquier consulta que tengas puedes escribirme a: <a href=\"mailto:margamunizaguilar@gmail.com\">margamunizaguilar@gmail.com<\/a>, estar\u00e9 encantada de atenderte!<\/p>\n\n\n\n<p class=\"has-text-color has-medium-font-size has-very-dark-gray-color\">Tambi\u00e9n puedes contactar conmigo a trav\u00e9s del m\u00f3vil, 669 642 832 y de Whatsapp, ten en cuenta que mi respuesta puede no ser inmediata!!<\/p>\n\n\n\n<hr class=\"wp-block-separator has-css-opacity is-style-wide\"\/>\n\n\n\n<figure class=\"wp-block-image size-large is-resized\"><a href=\"https:\/\/api.whatsapp.com\/send?phone=+346696428\"><img loading=\"lazy\" decoding=\"async\" width=\"600\" height=\"276\" src=\"https:\/\/xn--margamuizaguilar-dub.es\/web\/wp-content\/uploads\/2026\/02\/252-2529185_whatsapp-chat-now-button-1-600x276.png\" alt=\"\" class=\"wp-image-3905\" style=\"width:291px;height:auto\" srcset=\"https:\/\/xn--margamuizaguilar-dub.es\/web\/wp-content\/uploads\/2026\/02\/252-2529185_whatsapp-chat-now-button-1-600x276.png 600w, https:\/\/xn--margamuizaguilar-dub.es\/web\/wp-content\/uploads\/2026\/02\/252-2529185_whatsapp-chat-now-button-1-300x138.png 300w, https:\/\/xn--margamuizaguilar-dub.es\/web\/wp-content\/uploads\/2026\/02\/252-2529185_whatsapp-chat-now-button-1-228x105.png 228w, https:\/\/xn--margamuizaguilar-dub.es\/web\/wp-content\/uploads\/2026\/02\/252-2529185_whatsapp-chat-now-button-1.png 638w\" sizes=\"auto, (max-width: 600px) 100vw, 600px\" \/><\/a><\/figure>\n\n\n\n<p><\/p>\n","protected":false},"excerpt":{"rendered":"<p>MIS DATOS DE CONTACTO Cualquier consulta que tengas puedes escribirme a: margamunizaguilar@gmail.com, estar\u00e9 encantada de atenderte! Tambi\u00e9n puedes contactar conmigo a trav\u00e9s del m\u00f3vil, 669 642 832 y de Whatsapp, ten en cuenta que mi respuesta puede no ser inmediata!!<\/p>\n","protected":false},"author":1,"featured_media":0,"parent":0,"menu_order":0,"comment_status":"open","ping_status":"open","template":"","meta":{"_kadence_starter_templates_imported_post":false,"_kad_post_transparent":"","_kad_post_title":"","_kad_post_layout":"","_kad_post_sidebar_id":"","_kad_post_content_style":"","_kad_post_vertical_padding":"","_kad_post_feature":"","_kad_post_feature_position":"","_kad_post_header":false,"_kad_post_footer":false,"_kad_post_classname":"","footnotes":""},"class_list":["post-53","page","type-page","status-publish","hentry"],"_links":{"self":[{"href":"https:\/\/xn--margamuizaguilar-dub.es\/web\/wp-json\/wp\/v2\/pages\/53","targetHints":{"allow":["GET"]}}],"collection":[{"href":"https:\/\/xn--margamuizaguilar-dub.es\/web\/wp-json\/wp\/v2\/pages"}],"about":[{"href":"https:\/\/xn--margamuizaguilar-dub.es\/web\/wp-json\/wp\/v2\/types\/page"}],"author":[{"embeddable":true,"href":"https:\/\/xn--margamuizaguilar-dub.es\/web\/wp-json\/wp\/v2\/users\/1"}],"replies":[{"embeddable":true,"href":"https:\/\/xn--margamuizaguilar-dub.es\/web\/wp-json\/wp\/v2\/comments?post=53"}],"version-history":[{"count":11,"href":"https:\/\/xn--margamuizaguilar-dub.es\/web\/wp-json\/wp\/v2\/pages\/53\/revisions"}],"predecessor-version":[{"id":3907,"href":"https:\/\/xn--margamuizaguilar-dub.es\/web\/wp-json\/wp\/v2\/pages\/53\/revisions\/3907"}],"wp:attachment":[{"href":"https:\/\/xn--margamuizaguilar-dub.es\/web\/wp-json\/wp\/v2\/media?parent=53"}],"curies":[{"name":"wp","href":"https:\/\/api.w.org\/{rel}","templated":true}]}}